{"id":951,"date":"2020-10-07T17:03:04","date_gmt":"2020-10-07T15:03:04","guid":{"rendered":"http:\/\/rootfan.com\/?page_id=951"},"modified":"2022-04-03T13:00:48","modified_gmt":"2022-04-03T11:00:48","slug":"index-des-messages","status":"publish","type":"page","link":"https:\/\/rootfan.com\/fr\/index-of-posts\/","title":{"rendered":"Index des messages"},"content":{"rendered":"<p>Tutoriels Apache<\/p>\n\n\n<ul class=\"lcp_catlist\" id=\"lcp_instance_0\"><li><a href=\"https:\/\/rootfan.com\/fr\/block-xmlrpc-apache-domains-ubuntu\/\">Bloquer xmlrpc.php sur Apache pour tous les domaines sur Ubuntu<\/a><\/li><li><a href=\"https:\/\/rootfan.com\/fr\/check-apache-virtual-host-logs\/\">V\u00e9rifier tous les journaux de l'h\u00f4te virtuel Apache sur Ubuntu<\/a><\/li><li><a href=\"https:\/\/rootfan.com\/fr\/ubuntu-apache-tuning\/\">Ubuntu Apache Tuning<\/a><\/li><\/ul>\n\n\n\n<p>Tutoriels Linux<\/p>\n\n\n<ul class=\"lcp_catlist\" id=\"lcp_instance_0\"><li><a href=\"https:\/\/rootfan.com\/fr\/bash-script-to-check-if-port-is-open\/\">Script Bash pour v\u00e9rifier si le port est ouvert<\/a><\/li><li><a href=\"https:\/\/rootfan.com\/fr\/find-text-files-linux\/\">Comment trouver du texte dans des fichiers sous Linux<\/a><\/li><li><a href=\"https:\/\/rootfan.com\/fr\/oracle-sql-script-using-nohup\/\">Comment ex\u00e9cuter un script SQL Oracle \u00e0 l'aide de nohup sous Linux ?<\/a><\/li><\/ul>\n\n\n\n<p>Tutoriels Oracle<\/p>\n\n\n<ul class=\"lcp_catlist\" id=\"lcp_instance_0\"><li><a href=\"https:\/\/rootfan.com\/fr\/oracle-to-postgresql-migration-failure\/\">5 projets de migration d'Oracle vers PostgreSQL qui ont \u00e9chou\u00e9 (et pourquoi)<\/a><\/li><li><a href=\"https:\/\/rootfan.com\/fr\/huge-pages-in-oracle\/\">Un guide complet pour l'utilisation des Huge Pages dans les bases de donn\u00e9es Oracle<\/a><\/li><li><a href=\"https:\/\/rootfan.com\/fr\/script-to-connect-to-multiple-oracle-databases-run-query\/\">Script Bash pour se connecter \u00e0 plusieurs bases de donn\u00e9es Oracle et ex\u00e9cuter une requ\u00eate<\/a><\/li><li><a href=\"https:\/\/rootfan.com\/fr\/copy-password-primary-asm-standby-asm-oracle\/\">Copy Password File From Primary ASM to Standby ASM on Oracle 19c<\/a><\/li><li><a href=\"https:\/\/rootfan.com\/fr\/crsctl-commands\/\">Aide-m\u00e9moire des commandes crsctl<\/a><\/li><li><a href=\"https:\/\/rootfan.com\/fr\/exadata-vm_maker\/\">Commandes Exadata vm_maker<\/a><\/li><li><a href=\"https:\/\/rootfan.com\/fr\/awr-retention-period-oracle\/\">Comment modifier la p\u00e9riode de conservation des AWR dans la base de donn\u00e9es Oracle ?<\/a><\/li><li><a href=\"https:\/\/rootfan.com\/fr\/change-processes-oracle-rac\/\">Comment modifier les param\u00e8tres de processus dans Oracle 19c RAC ?<\/a><\/li><li><a href=\"https:\/\/rootfan.com\/fr\/check-database-size-in-oracle\/\">Comment v\u00e9rifier la taille de la base de donn\u00e9es dans Oracle 19c<\/a><\/li><li><a href=\"https:\/\/rootfan.com\/fr\/check-oracle-characterset\/\">Comment v\u00e9rifier le jeu de caract\u00e8res de la base de donn\u00e9es Oracle<\/a><\/li><li><a href=\"https:\/\/rootfan.com\/fr\/check-pdb-status-oracle\/\">Comment v\u00e9rifier l'\u00e9tat d'un PDB dans Oracle<\/a><\/li><li><a href=\"https:\/\/rootfan.com\/fr\/create-tablespace-oracle\/\">Comment cr\u00e9er un Tablespace dans Oracle<\/a><\/li><li><a href=\"https:\/\/rootfan.com\/fr\/oracle-guaranteed-restore-point-data-guard\/\">Comment cr\u00e9er un point de restauration garanti Oracle sur Data Guard ?<\/a><\/li><li><a href=\"https:\/\/rootfan.com\/fr\/delete-datafile-oracle\/\">Comment supprimer un fichier de donn\u00e9es dans Oracle<\/a><\/li><li><a href=\"https:\/\/rootfan.com\/fr\/enable-archive-log-mode-oracle\/\">Comment activer le mode archive dans Oracle 19c ?<\/a><\/li><li><a href=\"https:\/\/rootfan.com\/fr\/find-alert-file-location-oracle\/\">Comment trouver l'emplacement du fichier journal d'alerte dans Oracle<\/a><\/li><li><a href=\"https:\/\/rootfan.com\/fr\/find-primary-database-oracle\/\">Comment trouver une base de donn\u00e9es primaire \u00e0 partir d'une base de donn\u00e9es en attente dans Oracle ?<\/a><\/li><li><a href=\"https:\/\/rootfan.com\/fr\/oracle-rac-resource-unknown-state\/\">Comment corriger l'\u00e9tat inconnu de la ressource Oracle RAC<\/a><\/li><li><a href=\"https:\/\/rootfan.com\/fr\/get-the-sql_id-of-a-query-in-oracle\/\">Comment obtenir le sql_id d'une requ\u00eate dans Oracle ?<\/a><\/li><li><a href=\"https:\/\/rootfan.com\/fr\/kill-session-oracle-rac\/\">Comment tuer une session dans une base de donn\u00e9es Oracle RAC ?<\/a><\/li><li><a href=\"https:\/\/rootfan.com\/fr\/how-to-read-awr-report-in-oracle\/\">Comment lire un rapport AWR dans Oracle<\/a><\/li><li><a href=\"https:\/\/rootfan.com\/fr\/how-to-restore-an-oracle-database-from-a-backup\/\">Comment restaurer une base de donn\u00e9es Oracle \u00e0 partir d'une sauvegarde ?<\/a><\/li><li><a href=\"https:\/\/rootfan.com\/fr\/transparent-data-encryption-oracle-19c\/\">Mise en \u0153uvre du chiffrement transparent des donn\u00e9es dans Oracle 19c, \u00e9tape par \u00e9tape<\/a><\/li><li><a href=\"https:\/\/rootfan.com\/fr\/oracle-19c-data-guard-configuration-step-by-step\/\">Configuration d'Oracle 19c Data Guard \u00e9tape par \u00e9tape<\/a><\/li><li><a href=\"https:\/\/rootfan.com\/fr\/oracle-19c-logical-standby-configuration-step-by-step\/\">Oracle 19c Logical Standby Configuration Step by Step (configuration de l'attente logique)<\/a><\/li><li><a href=\"https:\/\/rootfan.com\/fr\/oracle-rman-duplicate-database-from-backup\/\">Oracle 19c RMAN duplique une base de donn\u00e9es \u00e0 partir d'une sauvegarde<\/a><\/li><li><a href=\"https:\/\/rootfan.com\/fr\/oracle-agent-status\/\">Statut et t\u00e9l\u00e9chargement de l'agent Oracle<\/a><\/li><li><a href=\"https:\/\/rootfan.com\/fr\/oracle-cloud-infrastructure-oci-foundations\/\">Oracle Cloud Infrastructure OCI Foundations<\/a><\/li><li><a href=\"https:\/\/rootfan.com\/fr\/oracle-exadata-vs-exacc-vs-exacs\/\">Oracle Exadata vs ExaCC vs ExaCS<\/a><\/li><li><a href=\"https:\/\/rootfan.com\/fr\/oracle-query-to-check-rman-backup-status\/\">Requ\u00eate Oracle pour v\u00e9rifier l'\u00e9tat des sauvegardes RMAN<\/a><\/li><li><a href=\"https:\/\/rootfan.com\/fr\/oracle-rman-recover-database-until-time\/\">Oracle RMAN Recover Database Until Time (R\u00e9cup\u00e9rer la base de donn\u00e9es jusqu'\u00e0 l'heure)<\/a><\/li><li><a href=\"https:\/\/rootfan.com\/fr\/oracle-to-postgresql-migration-best-practices\/\">Bonnes pratiques de migration d'Oracle vers PostgreSQL : une liste de contr\u00f4le pour les administrateurs de bases de donn\u00e9es et les architectes<\/a><\/li><li><a href=\"https:\/\/rootfan.com\/fr\/oracle-to-postgresql-migration-cost\/\">Co\u00fbt de la migration d'Oracle vers PostgreSQL : une ventilation r\u00e9aliste<\/a><\/li><li><a href=\"https:\/\/rootfan.com\/fr\/rman-level-0-and-level-1-backup-script\/\">Script de sauvegarde RMAN niveau 0 et niveau 1<\/a><\/li><li><a href=\"https:\/\/rootfan.com\/fr\/rman-script-to-take-full-database-backup-plus-archivelog\/\">Script RMAN pour sauvegarder une base de donn\u00e9es compl\u00e8te avec Archivelog<\/a><\/li><li><a href=\"https:\/\/rootfan.com\/fr\/srvctl-commands-oracle\/\">Commandes srvctl dans Oracle<\/a><\/li><li><a href=\"https:\/\/rootfan.com\/fr\/data-guard-broker-configuration-oracle-19c\/\">Configuration pas \u00e0 pas du Data Guard Broker dans Oracle 19c<\/a><\/li><li><a href=\"https:\/\/rootfan.com\/fr\/oracle-wait-events-explained\/\">Les 7 principaux \u00e9v\u00e9nements d'attente Oracle expliqu\u00e9s<\/a><\/li><li><a href=\"https:\/\/rootfan.com\/fr\/oracle-connect-resource-privileges\/\">Que sont les privil\u00e8ges Oracle Connect &amp; Resource ?<\/a><\/li><li><a href=\"https:\/\/rootfan.com\/fr\/why-companies-are-leaving-oracle-for-postgresql\/\">Pourquoi les entreprises quittent Oracle pour PostgreSQL (et comment le faire en toute s\u00e9curit\u00e9)<\/a><\/li><\/ul>\n\n\n\n<p>Tutoriels Ubuntu<\/p>\n\n\n<ul class=\"lcp_catlist\" id=\"lcp_instance_0\"><li><a href=\"https:\/\/rootfan.com\/fr\/apt-ubuntu\/\">Commandes Apt dans Ubuntu<\/a><\/li><li><a href=\"https:\/\/rootfan.com\/fr\/check-versions-package-ubuntu\/\">Comment v\u00e9rifier toutes les versions d'un paquetage sur Ubuntu<\/a><\/li><li><a href=\"https:\/\/rootfan.com\/fr\/check-ubuntu-version\/\">Comment v\u00e9rifier la version d'Ubuntu<\/a><\/li><li><a href=\"https:\/\/rootfan.com\/fr\/find-files-ubuntu\/\">Comment trouver des fichiers dans le terminal Ubuntu<\/a><\/li><li><a href=\"https:\/\/rootfan.com\/fr\/manage-users-ubuntu\/\">Comment g\u00e9rer les utilisateurs sur Ubuntu<\/a><\/li><li><a href=\"https:\/\/rootfan.com\/fr\/unzip-file-ubuntu\/\">Comment d\u00e9compresser un fichier sous Ubuntu<\/a><\/li><li><a href=\"https:\/\/rootfan.com\/fr\/upgrade-php-ubuntu\/\">Comment mettre \u00e0 jour PHP sur Ubuntu<\/a><\/li><li><a href=\"https:\/\/rootfan.com\/fr\/view-content-tgz-gz-files-ubuntu\/\">Comment voir le contenu des fichiers .tgz et .gz sur Ubuntu<\/a><\/li><li><a href=\"https:\/\/rootfan.com\/fr\/load-averages-ubuntu\/\">Moyennes de charge sur Ubuntu<\/a><\/li><li><a href=\"https:\/\/rootfan.com\/fr\/ubuntu-commands-faq\/\">FAQ sur les commandes Ubuntu<\/a><\/li><li><a href=\"https:\/\/rootfan.com\/fr\/ubuntu-disk-space-occupied\/\">Espace disque occup\u00e9 par Ubuntu<\/a><\/li><\/ul>\n\n\n\n<p>Tutoriels Postfix<\/p>\n\n\n<ul class=\"lcp_catlist\" id=\"lcp_instance_0\"><li><a href=\"https:\/\/rootfan.com\/fr\/how-to-install-postfix-tls-on-ubuntu-16-04\/\">Comment installer Postfix avec TLS sur Ubuntu 16.04<\/a><\/li><\/ul>","protected":false},"excerpt":{"rendered":"<p>Tutoriel Apache Tutoriel Linux Tutoriel Oracle Tutoriel Ubuntu Tutoriel Postfix<\/p>","protected":false},"author":1,"featured_media":0,"parent":0,"menu_order":0,"comment_status":"closed","ping_status":"closed","template":"","meta":{"rank_math_focus_keyword":"","rank_math_title":"","rank_math_description":"","rank_math_robots":"","rank_math_og_title":"","rank_math_og_description":"","jetpack_post_was_ever_published":false,"footnotes":""},"class_list":["post-951","page","type-page","status-publish","hentry"],"jetpack_sharing_enabled":true,"_links":{"self":[{"href":"https:\/\/rootfan.com\/fr\/wp-json\/wp\/v2\/pages\/951","targetHints":{"allow":["GET"]}}],"collection":[{"href":"https:\/\/rootfan.com\/fr\/wp-json\/wp\/v2\/pages"}],"about":[{"href":"https:\/\/rootfan.com\/fr\/wp-json\/wp\/v2\/types\/page"}],"author":[{"embeddable":true,"href":"https:\/\/rootfan.com\/fr\/wp-json\/wp\/v2\/users\/1"}],"replies":[{"embeddable":true,"href":"https:\/\/rootfan.com\/fr\/wp-json\/wp\/v2\/comments?post=951"}],"version-history":[{"count":19,"href":"https:\/\/rootfan.com\/fr\/wp-json\/wp\/v2\/pages\/951\/revisions"}],"predecessor-version":[{"id":2854,"href":"https:\/\/rootfan.com\/fr\/wp-json\/wp\/v2\/pages\/951\/revisions\/2854"}],"wp:attachment":[{"href":"https:\/\/rootfan.com\/fr\/wp-json\/wp\/v2\/media?parent=951"}],"curies":[{"name":"wp","href":"https:\/\/api.w.org\/{rel}","templated":true}]}}