{"id":578,"date":"2020-02-02T13:26:10","date_gmt":"2020-02-02T12:26:10","guid":{"rendered":"http:\/\/rootfan.com\/?page_id=578"},"modified":"2025-10-25T14:23:07","modified_gmt":"2025-10-25T12:23:07","slug":"a-propos-de","status":"publish","type":"page","link":"https:\/\/rootfan.com\/fr\/about\/","title":{"rendered":"A propos de"},"content":{"rendered":"<p>Bonjour, je suis Fernando Chebair, le cr\u00e9ateur et conservateur de ce site web. <\/p>\n\n\n\n<p>Mon parcours avec Linux et les bases de donn\u00e9es Oracle s'\u00e9tend sur de nombreuses ann\u00e9es, au cours desquelles j'ai acquis une grande richesse de connaissances et un certain nombre de certifications prestigieuses.<\/p>\n\n\n\n<p>Voici un aper\u00e7u de mes certifications Oracle :<\/p>\n\n\n\n<ul class=\"wp-block-list\">\n<li><a href=\"https:\/\/www.credly.com\/badges\/491e27f3-a02b-462c-8d92-5d568653bc17\/public_url\" rel=\"nofollow noopener\" target=\"_blank\">Professionnel certifi\u00e9 en administration de base de donn\u00e9es Oracle 2019<\/a><\/li>\n\n\n\n<li><a href=\"https:\/\/www.credly.com\/badges\/f59f8a9a-130b-454b-b9d3-4e057fd2e69d\/public_url\" rel=\"nofollow noopener\" target=\"_blank\">Administrateur certifi\u00e9 de la base de donn\u00e9es Oracle 11g<\/a><\/li>\n\n\n\n<li><a href=\"https:\/\/www.credly.com\/badges\/8d25628e-4740-4278-93d0-f1fdbcc1831e\/public_url\" rel=\"nofollow noopener\" target=\"_blank\">Administrateur certifi\u00e9 de la base de donn\u00e9es Oracle 10g<\/a><\/li>\n\n\n\n<li><a href=\"http:\/\/rootfan.com\/wp-content\/uploads\/eCertificate-9i.pdf\">Administrateur de base de donn\u00e9es Oracle9i Professionnel certifi\u00e9<\/a><\/li>\n\n\n\n<li><a href=\"http:\/\/rootfan.com\/wp-content\/uploads\/eCertificate-8i.pdf\">Administrateur de base de donn\u00e9es Oracle8i Professionnel certifi\u00e9<\/a><\/li>\n\n\n\n<li><a href=\"https:\/\/www.credly.com\/badges\/16622552-0293-4203-80a1-3aa610fb0d93\/public_url\" rel=\"nofollow noopener\" target=\"_blank\">Expert certifi\u00e9 en optimisation des performances d'Oracle Database 11g<\/a>&nbsp;<\/li>\n\n\n\n<li><a href=\"https:\/\/www.credly.com\/badges\/ec084ae3-430a-48b8-84cb-8a9f14b03915\/public_url\" rel=\"nofollow noopener\" target=\"_blank\">Expert certifi\u00e9 Oracle Database 10g Real Applications Clusters Administrator<\/a><\/li>\n<\/ul>\n\n\n\n<p>Certifications PostgreSQL :<\/p>\n\n\n\n<ul class=\"wp-block-list\">\n<li><a href=\"https:\/\/www.credly.com\/badges\/10d5bafb-1d89-4d1d-be67-f23272521bab\/linked_in_profile\" target=\"_blank\" rel=\"noreferrer noopener nofollow\">Certification PostgreSQL\u00ae Essentials v16<\/a><\/li>\n\n\n\n<li><a href=\"https:\/\/www.credly.com\/badges\/df476c17-6262-426e-94e1-3e67e9550c54\/linked_in_profile\" target=\"_blank\" rel=\"noreferrer noopener nofollow\">Certification avanc\u00e9e PostgreSQL\u00ae v16<\/a><\/li>\n<\/ul>\n\n\n\n<p>En outre, je d\u00e9tiens \u00e9galement :<\/p>\n\n\n\n<ul class=\"wp-block-list\">\n<li>Certification RHCE v5<\/li>\n\n\n\n<li>DBA MySQL certifi\u00e9 v.5 (CMDBA)<\/li>\n\n\n\n<li><a href=\"https:\/\/www.credly.com\/badges\/b16e1222-e16a-44e7-a5ad-c2bc259ba1dc\/public_url\" rel=\"nofollow noopener\" target=\"_blank\">Architecte de solutions certifi\u00e9 AWS (AWS Certified Solutions Architect Associate)<\/a><\/li>\n\n\n\n<li>Une licence en ing\u00e9nierie informatique de <a href=\"https:\/\/www.lau.edu.lb\/\" rel=\"nofollow noopener\" target=\"_blank\">LAU<\/a><\/li>\n\n\n\n<li>Un MBA de <a href=\"https:\/\/www.esade.edu\/\" rel=\"nofollow noopener\" target=\"_blank\">ESADE<\/a><\/li>\n<\/ul>\n\n\n\n<p>L'objectif de ce site est de partager mes connaissances et mon exp\u00e9rience, et j'esp\u00e8re sinc\u00e8rement que les ressources qu'il contient vous seront utiles. <\/p>\n\n\n\n<p>Je suis toujours ouverte aux commentaires et aux questions, alors si vous souhaitez discuter de quelque chose ou si vous avez besoin d'aide, n'h\u00e9sitez pas \u00e0 me contacter. <a href=\"http:\/\/rootfan.com\/fr\/contact\/\">ici<\/a>.<\/p>","protected":false},"excerpt":{"rendered":"<p>Bonjour, je suis Fernando Chebair, le cr\u00e9ateur et conservateur de ce site web. Mon parcours avec Linux et les bases de donn\u00e9es Oracle s'\u00e9tend sur de nombreuses ann\u00e9es, et pendant ce temps, j'ai acquis une richesse de connaissances et un certain nombre de certifications prestigieuses. Voici un aper\u00e7u de mes certifications Oracle : Certifications PostgreSQL : En plus de ces certifications, je suis \u00e9galement titulaire de.. : Mon ... <\/p>\n<p class=\"link-more\"><a href=\"https:\/\/rootfan.com\/fr\/about\/\" class=\"more-link\">Continuer la lecture<span class=\"screen-reader-text\"> de \" \u00c0 propos \"<\/span><\/a><\/p>","protected":false},"author":1,"featured_media":0,"parent":0,"menu_order":0,"comment_status":"closed","ping_status":"closed","template":"","meta":{"rank_math_focus_keyword":"","rank_math_title":"","rank_math_description":"","rank_math_robots":null,"rank_math_og_title":"","rank_math_og_description":"","jetpack_post_was_ever_published":false,"footnotes":""},"class_list":["post-578","page","type-page","status-publish","hentry"],"jetpack_sharing_enabled":true,"_links":{"self":[{"href":"https:\/\/rootfan.com\/fr\/wp-json\/wp\/v2\/pages\/578","targetHints":{"allow":["GET"]}}],"collection":[{"href":"https:\/\/rootfan.com\/fr\/wp-json\/wp\/v2\/pages"}],"about":[{"href":"https:\/\/rootfan.com\/fr\/wp-json\/wp\/v2\/types\/page"}],"author":[{"embeddable":true,"href":"https:\/\/rootfan.com\/fr\/wp-json\/wp\/v2\/users\/1"}],"replies":[{"embeddable":true,"href":"https:\/\/rootfan.com\/fr\/wp-json\/wp\/v2\/comments?post=578"}],"version-history":[{"count":20,"href":"https:\/\/rootfan.com\/fr\/wp-json\/wp\/v2\/pages\/578\/revisions"}],"predecessor-version":[{"id":6579,"href":"https:\/\/rootfan.com\/fr\/wp-json\/wp\/v2\/pages\/578\/revisions\/6579"}],"wp:attachment":[{"href":"https:\/\/rootfan.com\/fr\/wp-json\/wp\/v2\/media?parent=578"}],"curies":[{"name":"wp","href":"https:\/\/api.w.org\/{rel}","templated":true}]}}