{"id":951,"date":"2020-10-07T17:03:04","date_gmt":"2020-10-07T15:03:04","guid":{"rendered":"http:\/\/rootfan.com\/?page_id=951"},"modified":"2022-04-03T13:00:48","modified_gmt":"2022-04-03T11:00:48","slug":"indice-entradas","status":"publish","type":"page","link":"https:\/\/rootfan.com\/es\/index-of-posts\/","title":{"rendered":"\u00cdndice de entradas"},"content":{"rendered":"<p>Tutoriales Apache<\/p>\n\n\n<ul class=\"lcp_catlist\" id=\"lcp_instance_0\"><li><a href=\"https:\/\/rootfan.com\/es\/block-xmlrpc-apache-domains-ubuntu\/\">Bloquear xmlrpc.php en Apache para todos los dominios en Ubuntu<\/a><\/li><li><a href=\"https:\/\/rootfan.com\/es\/check-apache-virtual-host-logs\/\">Comprobar todos los registros de Apache Virtual Host en Ubuntu<\/a><\/li><li><a href=\"https:\/\/rootfan.com\/es\/ubuntu-apache-tuning\/\">Ajuste de Apache en Ubuntu<\/a><\/li><\/ul>\n\n\n\n<p>Tutoriales Linux<\/p>\n\n\n<ul class=\"lcp_catlist\" id=\"lcp_instance_0\"><li><a href=\"https:\/\/rootfan.com\/es\/bash-script-to-check-if-port-is-open\/\">Script Bash para comprobar si el puerto est\u00e1 abierto<\/a><\/li><li><a href=\"https:\/\/rootfan.com\/es\/find-text-files-linux\/\">C\u00f3mo encontrar texto en archivos en Linux<\/a><\/li><li><a href=\"https:\/\/rootfan.com\/es\/oracle-sql-script-using-nohup\/\">C\u00f3mo ejecutar un script SQL de Oracle con nohup en Linux<\/a><\/li><\/ul>\n\n\n\n<p>Tutoriales de Oracle<\/p>\n\n\n<ul class=\"lcp_catlist\" id=\"lcp_instance_0\"><li><a href=\"https:\/\/rootfan.com\/es\/oracle-to-postgresql-migration-failure\/\">5 Proyectos de Migraci\u00f3n de Oracle a PostgreSQL que Fallaron (Y Por Qu\u00e9)<\/a><\/li><li><a href=\"https:\/\/rootfan.com\/es\/huge-pages-in-oracle\/\">Gu\u00eda completa para el uso de Huge Pages en bases de datos Oracle<\/a><\/li><li><a href=\"https:\/\/rootfan.com\/es\/script-to-connect-to-multiple-oracle-databases-run-query\/\">Script Bash para Conectarse a M\u00faltiples Bases de Datos Oracle y Ejecutar Consultas<\/a><\/li><li><a href=\"https:\/\/rootfan.com\/es\/copy-password-primary-asm-standby-asm-oracle\/\">Copia de Archivo de Contrase\u00f1a de ASM Primario a ASM en Espera en Oracle 19c<\/a><\/li><li><a href=\"https:\/\/rootfan.com\/es\/crsctl-commands\/\">Hoja de trucos de los comandos crsctl<\/a><\/li><li><a href=\"https:\/\/rootfan.com\/es\/exadata-vm_maker\/\">Comandos vm_maker de Exadata<\/a><\/li><li><a href=\"https:\/\/rootfan.com\/es\/awr-retention-period-oracle\/\">C\u00f3mo Cambiar el Periodo de Retenci\u00f3n AWR en Oracle Database<\/a><\/li><li><a href=\"https:\/\/rootfan.com\/es\/change-processes-oracle-rac\/\">C\u00f3mo Cambiar el Par\u00e1metro de Procesos en Oracle 19c RAC<\/a><\/li><li><a href=\"https:\/\/rootfan.com\/es\/check-database-size-in-oracle\/\">C\u00f3mo Comprobar el Tama\u00f1o de la Base de Datos en Oracle 19c<\/a><\/li><li><a href=\"https:\/\/rootfan.com\/es\/check-oracle-characterset\/\">C\u00f3mo comprobar el juego de caracteres de Oracle Database<\/a><\/li><li><a href=\"https:\/\/rootfan.com\/es\/check-pdb-status-oracle\/\">C\u00f3mo comprobar el estado de la PDB en Oracle<\/a><\/li><li><a href=\"https:\/\/rootfan.com\/es\/create-tablespace-oracle\/\">C\u00f3mo crear un tablespace en Oracle<\/a><\/li><li><a href=\"https:\/\/rootfan.com\/es\/oracle-guaranteed-restore-point-data-guard\/\">C\u00f3mo crear un punto de restauraci\u00f3n garantizado de Oracle en Data Guard<\/a><\/li><li><a href=\"https:\/\/rootfan.com\/es\/delete-datafile-oracle\/\">C\u00f3mo eliminar un archivo de datos en Oracle<\/a><\/li><li><a href=\"https:\/\/rootfan.com\/es\/enable-archive-log-mode-oracle\/\">C\u00f3mo Habilitar el Modo de Registro de Archivo en Oracle 19c<\/a><\/li><li><a href=\"https:\/\/rootfan.com\/es\/find-alert-file-location-oracle\/\">C\u00f3mo encontrar la ubicaci\u00f3n del alert log en Oracle<\/a><\/li><li><a href=\"https:\/\/rootfan.com\/es\/find-primary-database-oracle\/\">C\u00f3mo Encontrar la Base de Datos Primaria desde la Standby en Oracle<\/a><\/li><li><a href=\"https:\/\/rootfan.com\/es\/oracle-rac-resource-unknown-state\/\">C\u00f3mo Solucionar el Estado Desconocido de los Recursos de Oracle RAC<\/a><\/li><li><a href=\"https:\/\/rootfan.com\/es\/get-the-sql_id-of-a-query-in-oracle\/\">C\u00f3mo Obtener el sql_id de una Consulta en Oracle<\/a><\/li><li><a href=\"https:\/\/rootfan.com\/es\/kill-session-oracle-rac\/\">C\u00f3mo Matar una Sesi\u00f3n en una Base de Datos Oracle RAC<\/a><\/li><li><a href=\"https:\/\/rootfan.com\/es\/how-to-read-awr-report-in-oracle\/\">C\u00f3mo leer un informe AWR en Oracle<\/a><\/li><li><a href=\"https:\/\/rootfan.com\/es\/how-to-restore-an-oracle-database-from-a-backup\/\">C\u00f3mo restaurar una base de datos Oracle a partir de una copia de seguridad<\/a><\/li><li><a href=\"https:\/\/rootfan.com\/es\/transparent-data-encryption-oracle-19c\/\">Implementaci\u00f3n de Cifrado Transparente de Datos en Oracle 19c Paso a Paso<\/a><\/li><li><a href=\"https:\/\/rootfan.com\/es\/oracle-19c-data-guard-configuration-step-by-step\/\">Configuraci\u00f3n de Oracle 19c Data Guard Paso a Paso<\/a><\/li><li><a href=\"https:\/\/rootfan.com\/es\/oracle-19c-logical-standby-configuration-step-by-step\/\">Configuraci\u00f3n Paso a Paso de Oracle 19c Logical Standby<\/a><\/li><li><a href=\"https:\/\/rootfan.com\/es\/oracle-rman-duplicate-database-from-backup\/\">Oracle 19c RMAN Duplica Base de Datos desde Copia de Seguridad<\/a><\/li><li><a href=\"https:\/\/rootfan.com\/es\/oracle-agent-status\/\">Estado y carga del agente Oracle<\/a><\/li><li><a href=\"https:\/\/rootfan.com\/es\/oracle-cloud-infrastructure-oci-foundations\/\">Fundamentos de Oracle Cloud Infrastructure OCI<\/a><\/li><li><a href=\"https:\/\/rootfan.com\/es\/oracle-exadata-vs-exacc-vs-exacs\/\">Oracle Exadata vs ExaCC vs ExaCS<\/a><\/li><li><a href=\"https:\/\/rootfan.com\/es\/oracle-query-to-check-rman-backup-status\/\">Consulta de Oracle para comprobar el estado de la copia de seguridad de RMAN<\/a><\/li><li><a href=\"https:\/\/rootfan.com\/es\/oracle-rman-recover-database-until-time\/\">Oracle RMAN Recuperar Base de Datos Hasta Tiempo<\/a><\/li><li><a href=\"https:\/\/rootfan.com\/es\/oracle-to-postgresql-migration-best-practices\/\">Pr\u00e1cticas recomendadas para la migraci\u00f3n de Oracle a PostgreSQL: una lista de verificaci\u00f3n para administradores y arquitectos de bases de datos<\/a><\/li><li><a href=\"https:\/\/rootfan.com\/es\/oracle-to-postgresql-migration-cost\/\">Costo de Migraci\u00f3n de Oracle a PostgreSQL: Un Desglose Realista<\/a><\/li><li><a href=\"https:\/\/rootfan.com\/es\/rman-level-0-and-level-1-backup-script\/\">Script de copia de seguridad de nivel 0 y nivel 1 de RMAN<\/a><\/li><li><a href=\"https:\/\/rootfan.com\/es\/rman-script-to-take-full-database-backup-plus-archivelog\/\">Script de RMAN para realizar una copia de seguridad completa de la base de datos m\u00e1s Archivelog<\/a><\/li><li><a href=\"https:\/\/rootfan.com\/es\/srvctl-commands-oracle\/\">Comandos srvctl en Oracle<\/a><\/li><li><a href=\"https:\/\/rootfan.com\/es\/data-guard-broker-configuration-oracle-19c\/\">Configuraci\u00f3n Paso a Paso de Data Guard Broker en Oracle 19c<\/a><\/li><li><a href=\"https:\/\/rootfan.com\/es\/oracle-wait-events-explained\/\">Explicaci\u00f3n de los 7 principales eventos de espera de Oracle<\/a><\/li><li><a href=\"https:\/\/rootfan.com\/es\/oracle-connect-resource-privileges\/\">\u00bfQu\u00e9 son Oracle Connect y los privilegios de recursos?<\/a><\/li><li><a href=\"https:\/\/rootfan.com\/es\/why-companies-are-leaving-oracle-for-postgresql\/\">Por qu\u00e9 las empresas abandonan Oracle por PostgreSQL (y c\u00f3mo hacerlo de forma segura)<\/a><\/li><\/ul>\n\n\n\n<p>Tutoriales de Ubuntu<\/p>\n\n\n<ul class=\"lcp_catlist\" id=\"lcp_instance_0\"><li><a href=\"https:\/\/rootfan.com\/es\/apt-ubuntu\/\">Comandos Apt en Ubuntu<\/a><\/li><li><a href=\"https:\/\/rootfan.com\/es\/check-versions-package-ubuntu\/\">C\u00f3mo comprobar todas las versiones de un paquete en Ubuntu<\/a><\/li><li><a href=\"https:\/\/rootfan.com\/es\/check-ubuntu-version\/\">C\u00f3mo comprobar la versi\u00f3n de Ubuntu<\/a><\/li><li><a href=\"https:\/\/rootfan.com\/es\/find-files-ubuntu\/\">C\u00f3mo buscar archivos en el terminal de Ubuntu<\/a><\/li><li><a href=\"https:\/\/rootfan.com\/es\/manage-users-ubuntu\/\">C\u00f3mo gestionar usuarios en Ubuntu<\/a><\/li><li><a href=\"https:\/\/rootfan.com\/es\/unzip-file-ubuntu\/\">C\u00f3mo descomprimir un archivo en Ubuntu<\/a><\/li><li><a href=\"https:\/\/rootfan.com\/es\/upgrade-php-ubuntu\/\">C\u00f3mo actualizar PHP en Ubuntu<\/a><\/li><li><a href=\"https:\/\/rootfan.com\/es\/view-content-tgz-gz-files-ubuntu\/\">C\u00f3mo ver el contenido de los archivos .tgz y .gz en Ubuntu<\/a><\/li><li><a href=\"https:\/\/rootfan.com\/es\/load-averages-ubuntu\/\">Promedios de carga en Ubuntu<\/a><\/li><li><a href=\"https:\/\/rootfan.com\/es\/ubuntu-commands-faq\/\">Comandos de Ubuntu FAQ<\/a><\/li><li><a href=\"https:\/\/rootfan.com\/es\/ubuntu-disk-space-occupied\/\">Espacio de disco ocupado en Ubuntu<\/a><\/li><\/ul>\n\n\n\n<p>Tutoriales de Postfix<\/p>\n\n\n<ul class=\"lcp_catlist\" id=\"lcp_instance_0\"><li><a href=\"https:\/\/rootfan.com\/es\/how-to-install-postfix-tls-on-ubuntu-16-04\/\">C\u00f3mo instalar Postfix con TLS en Ubuntu 16.04<\/a><\/li><\/ul>","protected":false},"excerpt":{"rendered":"<p>Tutoriales de Apache Tutoriales de Linux Tutoriales de Oracle Tutoriales de Ubuntu Tutoriales de Postfix<\/p>","protected":false},"author":1,"featured_media":0,"parent":0,"menu_order":0,"comment_status":"closed","ping_status":"closed","template":"","meta":{"rank_math_focus_keyword":"","rank_math_title":"","rank_math_description":"","rank_math_robots":"","rank_math_og_title":"","rank_math_og_description":"","jetpack_post_was_ever_published":false,"footnotes":""},"class_list":["post-951","page","type-page","status-publish","hentry"],"jetpack_sharing_enabled":true,"_links":{"self":[{"href":"https:\/\/rootfan.com\/es\/wp-json\/wp\/v2\/pages\/951","targetHints":{"allow":["GET"]}}],"collection":[{"href":"https:\/\/rootfan.com\/es\/wp-json\/wp\/v2\/pages"}],"about":[{"href":"https:\/\/rootfan.com\/es\/wp-json\/wp\/v2\/types\/page"}],"author":[{"embeddable":true,"href":"https:\/\/rootfan.com\/es\/wp-json\/wp\/v2\/users\/1"}],"replies":[{"embeddable":true,"href":"https:\/\/rootfan.com\/es\/wp-json\/wp\/v2\/comments?post=951"}],"version-history":[{"count":19,"href":"https:\/\/rootfan.com\/es\/wp-json\/wp\/v2\/pages\/951\/revisions"}],"predecessor-version":[{"id":2854,"href":"https:\/\/rootfan.com\/es\/wp-json\/wp\/v2\/pages\/951\/revisions\/2854"}],"wp:attachment":[{"href":"https:\/\/rootfan.com\/es\/wp-json\/wp\/v2\/media?parent=951"}],"curies":[{"name":"wp","href":"https:\/\/api.w.org\/{rel}","templated":true}]}}