{"id":578,"date":"2020-02-02T13:26:10","date_gmt":"2020-02-02T12:26:10","guid":{"rendered":"http:\/\/rootfan.com\/?page_id=578"},"modified":"2025-10-25T14:23:07","modified_gmt":"2025-10-25T12:23:07","slug":"acerca-de","status":"publish","type":"page","link":"https:\/\/rootfan.com\/es\/about\/","title":{"rendered":"Acerca de"},"content":{"rendered":"<p>Hola, soy Fernando Chebair, creador y comisario de este sitio web. <\/p>\n\n\n\n<p>Mi trayectoria con Linux y las bases de datos Oracle abarca muchos a\u00f1os y, durante este tiempo, he adquirido una gran cantidad de conocimientos y varias certificaciones de prestigio.<\/p>\n\n\n\n<p>He aqu\u00ed un resumen de mis certificaciones Oracle:<\/p>\n\n\n\n<ul class=\"wp-block-list\">\n<li><a href=\"https:\/\/www.credly.com\/badges\/491e27f3-a02b-462c-8d92-5d568653bc17\/public_url\" rel=\"nofollow noopener\" target=\"_blank\">Profesional certificado en Administraci\u00f3n de bases de datos Oracle 2019<\/a><\/li>\n\n\n\n<li><a href=\"https:\/\/www.credly.com\/badges\/f59f8a9a-130b-454b-b9d3-4e057fd2e69d\/public_url\" rel=\"nofollow noopener\" target=\"_blank\">Profesional certificado como Administrador de Oracle Database 11g<\/a><\/li>\n\n\n\n<li><a href=\"https:\/\/www.credly.com\/badges\/8d25628e-4740-4278-93d0-f1fdbcc1831e\/public_url\" rel=\"nofollow noopener\" target=\"_blank\">Profesional certificado en Oracle Database 10g Administrator<\/a><\/li>\n\n\n\n<li><a href=\"http:\/\/rootfan.com\/wp-content\/uploads\/eCertificate-9i.pdf\">Profesional certificado en Oracle9i Database Administrator<\/a><\/li>\n\n\n\n<li><a href=\"http:\/\/rootfan.com\/wp-content\/uploads\/eCertificate-8i.pdf\">Profesional certificado en Oracle8i Database Administrator<\/a><\/li>\n\n\n\n<li><a href=\"https:\/\/www.credly.com\/badges\/16622552-0293-4203-80a1-3aa610fb0d93\/public_url\" rel=\"nofollow noopener\" target=\"_blank\">Experto certificado en ajuste del rendimiento de Oracle Database 11g<\/a>&nbsp;<\/li>\n\n\n\n<li><a href=\"https:\/\/www.credly.com\/badges\/ec084ae3-430a-48b8-84cb-8a9f14b03915\/public_url\" rel=\"nofollow noopener\" target=\"_blank\">Experto certificado en Oracle Database 10g Real Applications Clusters Administrator<\/a><\/li>\n<\/ul>\n\n\n\n<p>Certificaciones PostgreSQL:<\/p>\n\n\n\n<ul class=\"wp-block-list\">\n<li><a href=\"https:\/\/www.credly.com\/badges\/10d5bafb-1d89-4d1d-be67-f23272521bab\/linked_in_profile\" target=\"_blank\" rel=\"noreferrer noopener nofollow\">Certificaci\u00f3n PostgreSQL\u00ae Essentials v16<\/a><\/li>\n\n\n\n<li><a href=\"https:\/\/www.credly.com\/badges\/df476c17-6262-426e-94e1-3e67e9550c54\/linked_in_profile\" target=\"_blank\" rel=\"noreferrer noopener nofollow\">Certificaci\u00f3n PostgreSQL\u00ae v16 avanzada<\/a><\/li>\n<\/ul>\n\n\n\n<p>Adem\u00e1s de estos, tambi\u00e9n sostengo:<\/p>\n\n\n\n<ul class=\"wp-block-list\">\n<li>Certificaci\u00f3n RHCE v5<\/li>\n\n\n\n<li>Certificado MySQL DBA v.5 (CMDBA)<\/li>\n\n\n\n<li><a href=\"https:\/\/www.credly.com\/badges\/b16e1222-e16a-44e7-a5ad-c2bc259ba1dc\/public_url\" rel=\"nofollow noopener\" target=\"_blank\">Arquitecto de soluciones asociado certificado por AWS<\/a><\/li>\n\n\n\n<li>Licenciado en Ingenier\u00eda Inform\u00e1tica por <a href=\"https:\/\/www.lau.edu.lb\/\" rel=\"nofollow noopener\" target=\"_blank\">LAU<\/a><\/li>\n\n\n\n<li>Un MBA de <a href=\"https:\/\/www.esade.edu\/\" rel=\"nofollow noopener\" target=\"_blank\">ESADE<\/a><\/li>\n<\/ul>\n\n\n\n<p>Mi objetivo con este sitio web es compartir mis conocimientos y experiencia, y espero sinceramente que los recursos que aqu\u00ed se ofrecen le resulten valiosos. <\/p>\n\n\n\n<p>Siempre estoy abierto a comentarios y preguntas, as\u00ed que si hay algo que le gustar\u00eda discutir o necesita ayuda, por favor no dude en ponerse en contacto conmigo <a href=\"http:\/\/rootfan.com\/es\/contacto\/\">aqu\u00ed<\/a>.<\/p>","protected":false},"excerpt":{"rendered":"<p>Hola, soy Fernando Chebair, el creador y curador de este sitio web. Mi viaje con Linux y las bases de datos Oracle se extiende por muchos a\u00f1os, y durante este tiempo, he adquirido una gran cantidad de conocimientos y una serie de certificaciones de prestigio. He aqu\u00ed un vistazo a mis certificaciones Oracle: Certificaciones PostgreSQL: Adem\u00e1s de \u00e9stas, tambi\u00e9n poseo: Mi ... <\/p>\n<p class=\"link-more\"><a href=\"https:\/\/rootfan.com\/es\/about\/\" class=\"more-link\">Seguir leyendo<span class=\"screen-reader-text\"> \"Sobre\"<\/span><\/a><\/p>","protected":false},"author":1,"featured_media":0,"parent":0,"menu_order":0,"comment_status":"closed","ping_status":"closed","template":"","meta":{"rank_math_focus_keyword":"","rank_math_title":"","rank_math_description":"","rank_math_robots":null,"rank_math_og_title":"","rank_math_og_description":"","jetpack_post_was_ever_published":false,"footnotes":""},"class_list":["post-578","page","type-page","status-publish","hentry"],"jetpack_sharing_enabled":true,"_links":{"self":[{"href":"https:\/\/rootfan.com\/es\/wp-json\/wp\/v2\/pages\/578","targetHints":{"allow":["GET"]}}],"collection":[{"href":"https:\/\/rootfan.com\/es\/wp-json\/wp\/v2\/pages"}],"about":[{"href":"https:\/\/rootfan.com\/es\/wp-json\/wp\/v2\/types\/page"}],"author":[{"embeddable":true,"href":"https:\/\/rootfan.com\/es\/wp-json\/wp\/v2\/users\/1"}],"replies":[{"embeddable":true,"href":"https:\/\/rootfan.com\/es\/wp-json\/wp\/v2\/comments?post=578"}],"version-history":[{"count":20,"href":"https:\/\/rootfan.com\/es\/wp-json\/wp\/v2\/pages\/578\/revisions"}],"predecessor-version":[{"id":6579,"href":"https:\/\/rootfan.com\/es\/wp-json\/wp\/v2\/pages\/578\/revisions\/6579"}],"wp:attachment":[{"href":"https:\/\/rootfan.com\/es\/wp-json\/wp\/v2\/media?parent=578"}],"curies":[{"name":"wp","href":"https:\/\/api.w.org\/{rel}","templated":true}]}}